{"id":25,"date":"2026-03-18T18:15:21","date_gmt":"2026-03-18T18:15:21","guid":{"rendered":"https:\/\/hiobdylan.pl\/?page_id=25"},"modified":"2026-04-01T21:05:11","modified_gmt":"2026-04-01T21:05:11","slug":"koncerty","status":"publish","type":"page","link":"https:\/\/hiobdylan.pl\/?page_id=25","title":{"rendered":"KONCERTY"},"content":{"rendered":"\n<p>09.04 \u2022 Warszawa @ Mechanik | <a href=\"https:\/\/www.facebook.com\/events\/885492837438916\/\" target=\"_blank\" rel=\"noreferrer noopener\">FB<\/a><br>10.04 \u2022 Warszawa <strong>SOLD OUT<\/strong> @ Hydrozagadka | <a href=\"https:\/\/www.facebook.com\/events\/868893715667583\/\" target=\"_blank\" rel=\"noreferrer noopener\">FB<\/a> <br>11.04 \u2022 Krak\u00f3w @ Za\u015bcianek <strong>SOLD OUT<\/strong> | <a href=\"https:\/\/www.facebook.com\/events\/4159027351029914\/\" target=\"_blank\" rel=\"noreferrer noopener\">FB<\/a> <br>13.11 \u2022 Wroc\u0142aw @ \u0141\u0105cznik | <a href=\"https:\/\/www.facebook.com\/events\/1310439010926621\/\" target=\"_blank\" rel=\"noreferrer noopener\">FB<\/a><\/p>\n\n\n\n<figure class=\"wp-block-image size-large\"><img loading=\"lazy\" decoding=\"async\" width=\"1024\" height=\"450\" src=\"https:\/\/hiobdylan.pl\/wp-content\/uploads\/2026\/03\/shows-1024x450.png\" alt=\"\" class=\"wp-image-98\" srcset=\"https:\/\/hiobdylan.pl\/wp-content\/uploads\/2026\/03\/shows-1024x450.png 1024w, https:\/\/hiobdylan.pl\/wp-content\/uploads\/2026\/03\/shows-600x263.png 600w, https:\/\/hiobdylan.pl\/wp-content\/uploads\/2026\/03\/shows-300x132.png 300w, https:\/\/hiobdylan.pl\/wp-content\/uploads\/2026\/03\/shows-768x337.png 768w, https:\/\/hiobdylan.pl\/wp-content\/uploads\/2026\/03\/shows-1536x674.png 1536w, https:\/\/hiobdylan.pl\/wp-content\/uploads\/2026\/03\/shows-137x60.png 137w, https:\/\/hiobdylan.pl\/wp-content\/uploads\/2026\/03\/shows.png 1640w\" sizes=\"auto, (max-width: 1024px) 100vw, 1024px\" \/><\/figure>\n","protected":false},"excerpt":{"rendered":"<p>09.04 \u2022 Warszawa @ Mechanik | FB10.04 \u2022 Warszawa SOLD OUT @ Hydrozagadka | FB 11.04 \u2022 Krak\u00f3w @ Za\u015bcianek SOLD OUT | FB 13.11 \u2022 Wroc\u0142aw @ \u0141\u0105cznik | FB<\/p>\n","protected":false},"author":1,"featured_media":0,"parent":0,"menu_order":0,"comment_status":"closed","ping_status":"closed","template":"","meta":{"footnotes":""},"class_list":["post-25","page","type-page","status-publish","hentry"],"_links":{"self":[{"href":"https:\/\/hiobdylan.pl\/index.php?rest_route=\/wp\/v2\/pages\/25","targetHints":{"allow":["GET"]}}],"collection":[{"href":"https:\/\/hiobdylan.pl\/index.php?rest_route=\/wp\/v2\/pages"}],"about":[{"href":"https:\/\/hiobdylan.pl\/index.php?rest_route=\/wp\/v2\/types\/page"}],"author":[{"embeddable":true,"href":"https:\/\/hiobdylan.pl\/index.php?rest_route=\/wp\/v2\/users\/1"}],"replies":[{"embeddable":true,"href":"https:\/\/hiobdylan.pl\/index.php?rest_route=%2Fwp%2Fv2%2Fcomments&post=25"}],"version-history":[{"count":7,"href":"https:\/\/hiobdylan.pl\/index.php?rest_route=\/wp\/v2\/pages\/25\/revisions"}],"predecessor-version":[{"id":297,"href":"https:\/\/hiobdylan.pl\/index.php?rest_route=\/wp\/v2\/pages\/25\/revisions\/297"}],"wp:attachment":[{"href":"https:\/\/hiobdylan.pl\/index.php?rest_route=%2Fwp%2Fv2%2Fmedia&parent=25"}],"curies":[{"name":"wp","href":"https:\/\/api.w.org\/{rel}","templated":true}]}}