{"id":246,"date":"2026-03-24T10:27:17","date_gmt":"2026-03-24T10:27:17","guid":{"rendered":"https:\/\/hiobdylan.pl\/?page_id=246"},"modified":"2026-03-24T17:07:13","modified_gmt":"2026-03-24T17:07:13","slug":"press-kit","status":"publish","type":"page","link":"https:\/\/hiobdylan.pl\/?page_id=246","title":{"rendered":"PRESS KIT"},"content":{"rendered":"\n<p class=\"has-text-align-right\"><a href=\"https:\/\/drive.google.com\/drive\/folders\/1QDhMJdBVZpnqWXOYLtDMaS-b98Ipy4bE\" target=\"_blank\" rel=\"noreferrer noopener\">POBIERZ PRESS KIT<\/a><\/p>\n\n\n\n<p><\/p>\n\n\n\n<p><strong>HIOB DYLAN<\/strong><\/p>\n\n\n\n<p>Zesp\u00f3\u0142 wykonuj\u0105cy muzyk\u0119 w gatunkach anti-folk \/ country punk \/ outlaw country [PL]<\/p>\n\n\n\n<p><strong>Bard-dziad, kt\u00f3ry przywdzia\u0142 mask\u0119 wilka by \u015bpiewa\u0107 o Polsce, o kt\u00f3rej nikt ju\u017c \u015bpiewa\u0107 nie chce. Szarpi\u0105c struny taniego banjo zabiera w podr\u00f3\u017c Passatem Kombi przez Radom do serca Polski B, w lot Ryanairem lub Wizzairem na emigracj\u0119 zarobkow\u0105 albo do raju, w kt\u00f3rym kie\u0142bas\u0119 serwuje Robert Mak\u0142owicz.<\/strong>  <\/p>\n\n\n\n<p>Hiob Dylan to muzyk\/performer graj\u0105cy na banjo i \u015bpiewaj\u0105cy autorskie piosenki nawi\u0105zuj\u0105ce do ameryka\u0144skich gatunk\u00f3w muzycznych takich jak anti-folk i outlaw country. Hiob \u015bpiewa jednak po polsku i o Polsce. Regularnie koncertuje w ca\u0142ej Polsce. Od niedawna na scenie towarzysz\u0105 mu Pan Pawe\u0142 (bas, b\u0119bny, w\u0105sy) &amp; Kika (alt\u00f3wka, szeroki u\u015bmiech). Razem z Hiobem stanowi\u0105 zesp\u00f3\u0142 wykonuj\u0105cy piosenki w pe\u0142nym brzmieniu country punka.<\/p>\n\n\n<div class=\"wp-block-image\">\n<figure class=\"alignright size-large is-resized\"><img loading=\"lazy\" decoding=\"async\" width=\"1024\" height=\"576\" src=\"https:\/\/hiobdylan.pl\/wp-content\/uploads\/2026\/03\/image-1024x576.jpeg\" alt=\"\" class=\"wp-image-253\" style=\"width:580px;height:auto\" srcset=\"https:\/\/hiobdylan.pl\/wp-content\/uploads\/2026\/03\/image-1024x576.jpeg 1024w, https:\/\/hiobdylan.pl\/wp-content\/uploads\/2026\/03\/image-300x169.jpeg 300w, https:\/\/hiobdylan.pl\/wp-content\/uploads\/2026\/03\/image-768x432.jpeg 768w, https:\/\/hiobdylan.pl\/wp-content\/uploads\/2026\/03\/image-1536x864.jpeg 1536w, https:\/\/hiobdylan.pl\/wp-content\/uploads\/2026\/03\/image-107x60.jpeg 107w, https:\/\/hiobdylan.pl\/wp-content\/uploads\/2026\/03\/image-600x338.jpeg 600w, https:\/\/hiobdylan.pl\/wp-content\/uploads\/2026\/03\/image.jpeg 1600w\" sizes=\"auto, (max-width: 1024px) 100vw, 1024px\" \/><figcaption class=\"wp-element-caption\">Hiob Dylan \/ zesp\u00f3\u0142 | fot. Damian Draga\u0144ski \/ IG <a href=\"https:\/\/www.instagram.com\/draganxki\/\" target=\"_blank\" rel=\"noreferrer noopener\">@<strong>draganxki<\/strong><\/a><\/figcaption><\/figure>\n<\/div>\n\n\n<p><em><strong>Uzbrojony w banjo bard o wilczym pysku<\/strong>, kt\u00f3ry, nawi\u0105zuj\u0105c do folkowej tradycji ameryka\u0144skiej prowincji, opowiada nam o tej Polsce, kt\u00f3r\u0105 znamy doskonale, a jednak chyba troch\u0119 si\u0119 jej wstydzimy. My, publiczno\u015b\u0107, ale i wi\u0119kszo\u015b\u0107 tek\u015bciarzy, nie uznajemy jej za godn\u0105 chwytliwego refrenu. Diler, kibol, aktorka porno \u2013 to bohaterowie piosenek Hioba, nawet je\u015bli \u015bmieszni lub \u017ca\u0142o\u015bni, to opisywani bez moralnej wy\u017cszo\u015bci.                                                                                                   <\/em><strong><em><br>Jarek Szubrycht, Krzysztof Nowak, wyborcza.pl <br><\/em> <\/strong>                                                                                                                                                                                                                                <\/p>\n\n\n\n<p><\/p>\n\n\n\n<p><em><strong>Ch\u0142opak z banjo, kt\u00f3ry przejrza\u0142 Polsk\u0119 na wylot. Hiob Dylan to fenomen alternatywy.<\/strong>                           Du\u017ce i ma\u0142e miasta. Wielkie marzenia rozsmarowane na pop\u0119kanych chodnikach. Sny o pot\u0119dze rodz\u0105ce si\u0119 pod \u017babk\u0105, gdy kolejna ma\u0142pka oddzieli nas od codzienno\u015bci. Skr\u0119cony blant za gara\u017cami i zach\u00f3d s\u0142o\u0144ca nad dworcem, na kt\u00f3rym staj\u0105 tylko regionalne linie. To tylko kilka obraz\u00f3w z tw\u00f3rczo\u015bci artysty, kt\u00f3ry wyr\u00f3s\u0142 na jednego z celniejszych obserwator\u00f3w polskiej codzienno\u015bci.   <\/em>                                                     <strong><br>B\u0142a\u017cej Grygiel, eskarock.pl<br><\/strong><\/p>\n\n\n\n<p><strong><em>Hiob Dylan &#8211; tajemniczy bard wyst\u0119puj\u0105cy w masce wilka<\/em><\/strong><em>, w roku 2019 wypu\u015bci\u0142 album &#8222;Muzyka krajowa&#8221;, w 2021 &#8211; EP &#8222;Howdy&#8221;. Wy\u015bpiewa\u0142 takie przeboje jak &#8222;Pozdrowienia do wi\u0119zienia&#8221;, &#8222;Polska B&#8221;, &#8222;Robert Mak\u0142owicz&#8221;, &#8222;Nabita lufa&#8221; czy &#8222;Dziewczyna z filmu porno&#8221;. Ostatnio jego kawa\u0142ki znalaz\u0142y si\u0119 w filmie &#8222;Ballada z Sanu: Opowie\u015b\u0107 o Tuszolu i Wilku&#8221;. W pa\u017adzierniku ubieg\u0142ego roku otrzyma\u0142 nominacj\u0119 do nagrody &#8222;Bonus&#8221; Tygodnika Powszechnego. <\/em><strong><br>Jacek Adamiec, kultura.poznan.pl<br><\/strong><\/p>\n\n\n\n<p><strong><em>Tw\u00f3rczo\u015b\u0107 Hioba Dylana to muzyczne opowie\u015bci o \u015bwiecie niechcianym<\/em><\/strong><em> &#8211; przez mainstream, przez popkultur\u0119, cz\u0119sto tak\u017ce przez samych artyst\u00f3w. Jak sam m\u00f3wi, to &#8222;faktura ziemi i historii&#8221;: ci\u0119\u017cka, brudna, naznaczona lokalnym do\u015bwiadczeniem.<\/em>                                                                                                      <strong><br>Grzegorz Kalinowski, Polskie Radio<br><\/strong><\/p>\n\n\n\n<p><strong>Wydawnictwa:<\/strong><\/p>\n\n\n\n<ul class=\"wp-block-list\">\n<li>Muzyka krajowa (LP, 2020), Howdy (ep LP, 2021) wydane przez [Warsaw Punk]<\/li>\n\n\n\n<li>Reedycje winyli, uzupe\u0142nione po raz pierwszy wydania na CD wyda\u0142 w 2026 r. label [Hasiok Records]<\/li>\n\n\n\n<li>Wsp\u00f3lna p\u0142yta \u201cZa kim idziesz\u201d, nagrana z zespo\u0142em Ha\u0144ba! pod szyldem Ha\u0144ba! Hioba Dylana [Antena Krzyku 2026]<\/li>\n<\/ul>\n\n\n<div class=\"wp-block-image\">\n<figure class=\"alignright size-large is-resized\"><img loading=\"lazy\" decoding=\"async\" width=\"576\" height=\"1024\" src=\"https:\/\/hiobdylan.pl\/wp-content\/uploads\/2026\/03\/HD-2-Damian-Draganski-576x1024.jpg\" alt=\"\" class=\"wp-image-259\" style=\"aspect-ratio:0.5625048080621586;width:441px;height:auto\"\/><figcaption class=\"wp-element-caption\">fot. Damian Draga\u0144ski \/ IG <a href=\"https:\/\/www.instagram.com\/draganxki\/\" target=\"_blank\" rel=\"noreferrer noopener\">@<strong>draganxki<\/strong><\/a><\/figcaption><\/figure>\n<\/div>\n\n\n<p><strong>Teledyski do piosenek Hioba Dylana stworzyli:<\/strong><\/p>\n\n\n\n<p>Janek Koza &#8211; Dziewczyna z filmu porno<\/p>\n\n\n\n<p>Kamil W\u00f3jcik &#8211; Nabita lufa (#1 miejsce PL MUSIC VIDEO AWARDS 2022 w kat. Animacja)<\/p>\n\n\n\n<p>Karolina Kajetanowicz &#8211; Grosik<\/p>\n\n\n\n<p>oraz sam hiob: monta\u017c internetowego found footage, do ka\u017cdej nagranej piosenki<\/p>\n\n\n\n<p><strong>YouTube:<\/strong><\/p>\n\n\n\n<p><a href=\"https:\/\/www.youtube.com\/hiobdylan\" target=\"_blank\" rel=\"noreferrer noopener\">https:\/\/www.youtube.com\/hiobdylan<\/a><\/p>\n\n\n\n<p><strong>Facebook:<\/strong><\/p>\n\n\n\n<p><a href=\"https:\/\/www.facebook.com\/hiobdylan\">https:\/\/www.facebook.com\/hiobdylan<\/a><\/p>\n\n\n\n<p><strong>Instagram:<\/strong><\/p>\n\n\n\n<p><a href=\"https:\/\/www.instagram.com\/hiobdylan\" target=\"_blank\" rel=\"noreferrer noopener\">@hiobdylan<\/a><\/p>\n\n\n\n<p><strong>Spotify:<\/strong><\/p>\n\n\n\n<p><\/p>\n\n\n\n<figure class=\"wp-block-embed alignleft is-type-rich is-provider-spotify wp-block-embed-spotify wp-embed-aspect-21-9 wp-has-aspect-ratio\"><div class=\"wp-block-embed__wrapper\">\n<iframe title=\"Spotify Embed: Hiob Dylan\" style=\"border-radius: 12px\" width=\"100%\" height=\"352\" frameborder=\"0\" allowfullscreen allow=\"autoplay; clipboard-write; encrypted-media; fullscreen; picture-in-picture\" loading=\"lazy\" src=\"https:\/\/open.spotify.com\/embed\/artist\/07XN8EN2Ei8JYNz6N7Sawe?utm_source=oembed\"><\/iframe>\n<\/div><\/figure>\n\n\n\n<p><\/p>\n","protected":false},"excerpt":{"rendered":"<p>POBIERZ PRESS KIT HIOB DYLAN Zesp\u00f3\u0142 wykonuj\u0105cy muzyk\u0119 w gatunkach anti-folk \/ country punk \/ outlaw country [PL] Bard-dziad, kt\u00f3ry przywdzia\u0142 mask\u0119 wilka by \u015bpiewa\u0107 o Polsce, o kt\u00f3rej nikt ju\u017c \u015bpiewa\u0107 nie chce. Szarpi\u0105c struny taniego banjo zabiera w podr\u00f3\u017c Passatem Kombi przez Radom do serca Polski B, w lot Ryanairem lub Wizzairem na &hellip; <\/p>\n","protected":false},"author":1,"featured_media":0,"parent":0,"menu_order":0,"comment_status":"closed","ping_status":"closed","template":"","meta":{"footnotes":""},"class_list":["post-246","page","type-page","status-publish","hentry"],"_links":{"self":[{"href":"https:\/\/hiobdylan.pl\/index.php?rest_route=\/wp\/v2\/pages\/246","targetHints":{"allow":["GET"]}}],"collection":[{"href":"https:\/\/hiobdylan.pl\/index.php?rest_route=\/wp\/v2\/pages"}],"about":[{"href":"https:\/\/hiobdylan.pl\/index.php?rest_route=\/wp\/v2\/types\/page"}],"author":[{"embeddable":true,"href":"https:\/\/hiobdylan.pl\/index.php?rest_route=\/wp\/v2\/users\/1"}],"replies":[{"embeddable":true,"href":"https:\/\/hiobdylan.pl\/index.php?rest_route=%2Fwp%2Fv2%2Fcomments&post=246"}],"version-history":[{"count":26,"href":"https:\/\/hiobdylan.pl\/index.php?rest_route=\/wp\/v2\/pages\/246\/revisions"}],"predecessor-version":[{"id":292,"href":"https:\/\/hiobdylan.pl\/index.php?rest_route=\/wp\/v2\/pages\/246\/revisions\/292"}],"wp:attachment":[{"href":"https:\/\/hiobdylan.pl\/index.php?rest_route=%2Fwp%2Fv2%2Fmedia&parent=246"}],"curies":[{"name":"wp","href":"https:\/\/api.w.org\/{rel}","templated":true}]}}