{"id":153,"date":"2026-03-23T14:24:56","date_gmt":"2026-03-23T14:24:56","guid":{"rendered":"https:\/\/hiobdylan.pl\/?page_id=153"},"modified":"2026-03-23T14:32:21","modified_gmt":"2026-03-23T14:32:21","slug":"faq-2","status":"publish","type":"page","link":"https:\/\/hiobdylan.pl\/?page_id=153","title":{"rendered":"FAQ"},"content":{"rendered":"\n<p><\/p>\n\n\n\n<ul class=\"wp-block-list\">\n<li><strong>Czy jest mo\u017cliwa zmiana danych wysy\u0142ki?<\/strong><br>Zmiana danych wysy\u0142ki jest mo\u017cliwa dop\u00f3ki przesy\u0142ka nie zosta\u0142a spakowana i nie nadana zosta\u0142a jej etykieta wysy\u0142ki. W razie konieczno\u015bci zmiany danych poprosz\u0119 o wiadomo\u015b\u0107 email na adres <a href=\"mailto:hiob.sklep@gmail.com\">hiob.sklep@gmail.com<\/a> wraz z nowymi danymi oraz numerem zam\u00f3wienia.<\/li>\n\n\n\n<li><strong>Czy moje zam\u00f3wienie zosta\u0142o potwierdzone i jest w realizacji?<\/strong><br>Ka\u017cde zam\u00f3wienie potwierdzane jest automatycznie generowan\u0105 wiadomo\u015bci\u0105 email. Je\u017celi po z\u0142o\u017ceniu zam\u00f3wienia potwierdzenie nie przysz\u0142o na Tw\u00f3j adres email, to w pierwszej kolejno\u015b\u0107 sprawd\u017a skrzynk\u0119 SPAM. Je\u017celi wci\u0105\u017c nie ma tam potwierdzenia prosz\u0119 o kontakt mailowy.<\/li>\n\n\n\n<li><strong>Czy jest mo\u017cliwo\u015b\u0107 wysy\u0142ki za granic\u0119?<\/strong><br>Co do zasady nie jest to mo\u017cliwe, ale prosz\u0119 o wiadomo\u015b\u0107 email na adres <a href=\"mailto:hiob.sklep@gmail.com\">hiob.sklep@gmail.com<\/a> &#8211; zobaczymy co da si\u0119 zrobi\u0107!<\/li>\n\n\n\n<li><strong>Zwrot<\/strong><br>W celu dokonania zwrotu nale\u017cy zwracane produkty odpowiednio zapakowa\u0107 (szczeg\u00f3lnie je\u015bli odsy\u0142asz p\u0142yty winylowe! uszkodzone podczas wysy\u0142ki nie b\u0119d\u0105 przyj\u0119te!) oraz wraz z wype\u0142nionym formularzem zwrotu odes\u0142a\u0107 na adres: PH Content Strategy, ul. Ks. J. Popie\u0142uszki 7A \/ 3,&nbsp; tel. dla kuriera: 505 998 949. Dla usprawnienia procesu zwrotu wy\u015blij potwierdzenie nadania przesy\u0142ki oraz skan lub zdj\u0119cie wype\u0142nionego formularza na adres e-mail: <a href=\"mailto:hiob.sklep@gmail.com\">hiob.sklep@gmail.com<\/a>. Formularz dost\u0119pny jest pod tym linkiem: <a href=\"https:\/\/hiobdylan.pl\/wp-content\/uploads\/2026\/03\/formularz_zwrotu_hiob.pdf\" data-type=\"link\" data-id=\"https:\/\/hiobdylan.pl\/wp-content\/uploads\/2026\/03\/formularz_zwrotu_hiob.pdf\" target=\"_blank\" rel=\"noreferrer noopener\">formularz zwrotu<\/a><\/li>\n\n\n\n<li><strong>Reklamacja<\/strong><br>W celu dokonania reklamacji wype\u0142nij formularz i wy\u015blij skan na adres e-mail: <a href=\"mailto:hiob.sklep@gmail.com\">hiob.sklep@gmail.com<\/a> wraz ze zdj\u0119ciami reklamowanego produktu. Po wst\u0119pnej weryfikacji, je\u017celi b\u0119dzie to niezb\u0119dne, reklamowany produkt wraz z wype\u0142nionym formularzem reklamacji nale\u017cy odes\u0142a\u0107 na adres: PH Content Strategy, ul. Ks. J. Popie\u0142uszki 7A \/ 3,&nbsp; tel. dla kuriera: 505 998 949. Koszty wysy\u0142ki w wysoko\u015bci 15 PLN zostan\u0105 zwr\u00f3cone na konto bankowe podane przez kupuj\u0105cego po pozytywnym rozpatrzeniu reklamacji. Formularz dost\u0119pny jest pod tym linkiem: <a href=\"https:\/\/hiobdylan.pl\/wp-content\/uploads\/2026\/03\/formularz_reklamacyjny_hiob.pdf\" data-type=\"link\" data-id=\"https:\/\/hiobdylan.pl\/wp-content\/uploads\/2026\/03\/formularz_reklamacyjny_hiob.pdf\" target=\"_blank\" rel=\"noreferrer noopener\">formularz reklamacji<\/a><\/li>\n<\/ul>\n\n\n\n<p><\/p>\n","protected":false},"excerpt":{"rendered":"","protected":false},"author":1,"featured_media":0,"parent":0,"menu_order":0,"comment_status":"closed","ping_status":"closed","template":"","meta":{"footnotes":""},"class_list":["post-153","page","type-page","status-publish","hentry"],"_links":{"self":[{"href":"https:\/\/hiobdylan.pl\/index.php?rest_route=\/wp\/v2\/pages\/153","targetHints":{"allow":["GET"]}}],"collection":[{"href":"https:\/\/hiobdylan.pl\/index.php?rest_route=\/wp\/v2\/pages"}],"about":[{"href":"https:\/\/hiobdylan.pl\/index.php?rest_route=\/wp\/v2\/types\/page"}],"author":[{"embeddable":true,"href":"https:\/\/hiobdylan.pl\/index.php?rest_route=\/wp\/v2\/users\/1"}],"replies":[{"embeddable":true,"href":"https:\/\/hiobdylan.pl\/index.php?rest_route=%2Fwp%2Fv2%2Fcomments&post=153"}],"version-history":[{"count":2,"href":"https:\/\/hiobdylan.pl\/index.php?rest_route=\/wp\/v2\/pages\/153\/revisions"}],"predecessor-version":[{"id":158,"href":"https:\/\/hiobdylan.pl\/index.php?rest_route=\/wp\/v2\/pages\/153\/revisions\/158"}],"wp:attachment":[{"href":"https:\/\/hiobdylan.pl\/index.php?rest_route=%2Fwp%2Fv2%2Fmedia&parent=153"}],"curies":[{"name":"wp","href":"https:\/\/api.w.org\/{rel}","templated":true}]}}